{"id":21,"date":"2025-10-10T15:39:33","date_gmt":"2025-10-10T13:39:33","guid":{"rendered":"https:\/\/luxcentrum.pl\/?page_id=21"},"modified":"2025-11-19T10:41:58","modified_gmt":"2025-11-19T09:41:58","slug":"nagrania","status":"publish","type":"page","link":"https:\/\/luxcentrum.pl\/index.php\/nagrania\/","title":{"rendered":"Nagrania"},"content":{"rendered":"\n<h1 class=\"wp-block-heading\">Od b\u00f3lu do lekko\u015bci<\/h1>\n\n\n\n<p><\/p>\n\n\n\n<h3 class=\"wp-block-heading\">Dzie\u0144 I &#8211; <strong>B\u00f3l &#8211; przyczyna czy objaw<\/strong><\/h3>\n\n\n\n<figure class=\"wp-block-embed is-type-video is-provider-youtube wp-block-embed-youtube wp-embed-aspect-16-9 wp-has-aspect-ratio\"><div class=\"wp-block-embed__wrapper\">\n<iframe loading=\"lazy\" title=\"B\u00f3l i jego oblicza\" width=\"500\" height=\"281\" src=\"https:\/\/www.youtube.com\/embed\/6OisjAdcc6Y?feature=oembed\" frameborder=\"0\" allow=\"accelerometer; autoplay; clipboard-write; encrypted-media; gyroscope; picture-in-picture; web-share\" referrerpolicy=\"strict-origin-when-cross-origin\" allowfullscreen><\/iframe>\n<\/div><\/figure>\n\n\n\n<h3 class=\"wp-block-heading\">Dzie\u0144 II &#8211; <strong>Numerologia &#8211; energia liczb<\/strong><\/h3>\n\n\n\n<figure class=\"wp-block-embed is-type-video is-provider-youtube wp-block-embed-youtube wp-embed-aspect-16-9 wp-has-aspect-ratio\"><div class=\"wp-block-embed__wrapper\">\n<iframe loading=\"lazy\" title=\"Numerologia \u2013 energia liczb\" width=\"500\" height=\"281\" src=\"https:\/\/www.youtube.com\/embed\/dLLKxC8SbNo?feature=oembed\" frameborder=\"0\" allow=\"accelerometer; autoplay; clipboard-write; encrypted-media; gyroscope; picture-in-picture; web-share\" referrerpolicy=\"strict-origin-when-cross-origin\" allowfullscreen><\/iframe>\n<\/div><\/figure>\n\n\n\n<h3 class=\"wp-block-heading\">Dzie\u0144 III &#8211; <strong>Numerologia zdrowia &#8211; dolegliwo\u015bci cia\u0142a<\/strong><\/h3>\n\n\n\n<figure class=\"wp-block-embed is-type-video is-provider-youtube wp-block-embed-youtube wp-embed-aspect-16-9 wp-has-aspect-ratio\"><div class=\"wp-block-embed__wrapper\">\n<iframe loading=\"lazy\" title=\"Numerologia zdrowia \u2013 brak komunikacji a dolegliwo\u015bci b\u00f3lowe\" width=\"500\" height=\"281\" src=\"https:\/\/www.youtube.com\/embed\/O2CVp5_fTQw?feature=oembed\" frameborder=\"0\" allow=\"accelerometer; autoplay; clipboard-write; encrypted-media; gyroscope; picture-in-picture; web-share\" referrerpolicy=\"strict-origin-when-cross-origin\" allowfullscreen><\/iframe>\n<\/div><\/figure>\n\n\n\n<h3 class=\"wp-block-heading\">Dzie\u0144 IV &#8211; <strong>Numerologia &#8211; energia liczb<\/strong><\/h3>\n\n\n\n\n\n<p><\/p>\n","protected":false},"excerpt":{"rendered":"<p>Od b\u00f3lu do lekko\u015bci Dzie\u0144 I &#8211; B\u00f3l &#8211; przyczyna czy objaw Dzie\u0144 II &#8211; Numerologia &#8211; energia liczb Dzie\u0144 III &#8211; Numerologia zdrowia &#8211; dolegliwo\u015bci cia\u0142a Dzie\u0144 IV &#8211; Numerologia &#8211; energia liczb<\/p>\n","protected":false},"author":2,"featured_media":0,"parent":0,"menu_order":0,"comment_status":"closed","ping_status":"closed","template":"","meta":{"footnotes":""},"class_list":["post-21","page","type-page","status-publish","hentry"],"_links":{"self":[{"href":"https:\/\/luxcentrum.pl\/index.php\/wp-json\/wp\/v2\/pages\/21","targetHints":{"allow":["GET"]}}],"collection":[{"href":"https:\/\/luxcentrum.pl\/index.php\/wp-json\/wp\/v2\/pages"}],"about":[{"href":"https:\/\/luxcentrum.pl\/index.php\/wp-json\/wp\/v2\/types\/page"}],"author":[{"embeddable":true,"href":"https:\/\/luxcentrum.pl\/index.php\/wp-json\/wp\/v2\/users\/2"}],"replies":[{"embeddable":true,"href":"https:\/\/luxcentrum.pl\/index.php\/wp-json\/wp\/v2\/comments?post=21"}],"version-history":[{"count":6,"href":"https:\/\/luxcentrum.pl\/index.php\/wp-json\/wp\/v2\/pages\/21\/revisions"}],"predecessor-version":[{"id":38,"href":"https:\/\/luxcentrum.pl\/index.php\/wp-json\/wp\/v2\/pages\/21\/revisions\/38"}],"wp:attachment":[{"href":"https:\/\/luxcentrum.pl\/index.php\/wp-json\/wp\/v2\/media?parent=21"}],"curies":[{"name":"wp","href":"https:\/\/api.w.org\/{rel}","templated":true}]}}